{"id":1593,"date":"2019-02-06T13:28:29","date_gmt":"2019-02-06T18:28:29","guid":{"rendered":"http:\/\/www.liatazoulay.com\/?page_id=1593\/"},"modified":"2019-02-06T13:28:29","modified_gmt":"2019-02-06T18:28:29","slug":"homepage-en","status":"publish","type":"page","link":"https:\/\/www.liatazoulay.com\/en\/","title":{"rendered":"Homepage (en)"},"content":{"rendered":"<div class=\"homepage\">\n<div class=\"banner\">\n<h2 class=\"banner-title\"><span class=\"blue\">\u00ab<\/span> Putting the human person first <span class=\"blue\">\u00bb<\/span><\/h2>\n<\/div>\n<div class=\"section service\" id=\"services\">\n<div class=\"wrapper\">\n<h2 class=\"section-title\">Services<\/h2>\n<ul class=\"service-list\">\n \t<li>\n<h3 class=\"service-title\">Psychoth\u00e9rapie<\/h3>\n<p class=\"service-description\">Traitement visant \u00e0 r\u00e9soudre des difficult\u00e9s psychologiques afin de favoriser l\u2019\u00e9panouissement de la personne.<\/p>\n\t\t\t\t\t<a href=\"https:\/\/web.archive.org\/web\/20180829163750\/http:\/\/www.liatazoulay.com\/psychotherapie\/\" class=\"service-more open-modal\">En savoir plus &gt;<\/a><\/li>\n \t<li>\n<h3 class=\"service-title\">\u00c9VALUATION ET SUIVI<\/h3>\n<p class=\"service-description\">Intervention visant \u00e0 mieux cerner et traiter une difficult\u00e9 particuli\u00e8re ou \u00e0 faire le point sur la situation d\u2019ensemble.<\/p>\n\t\t\t\t\t<a href=\"https:\/\/web.archive.org\/web\/20180829163750\/http:\/\/www.liatazoulay.com\/evaluation\/\" class=\"service-more open-modal\">En savoir plus &gt;<\/a><\/li>\n \t<li>\n<h3 class=\"service-title\">ATELIERS<\/h3>\n<p class=\"service-description\">Activit\u00e9s de groupe sur la r\u00e9appropriation du pouvoir personnel (Empowerment). Destin\u00e9es aux organismes communautaires et priv\u00e9s.<\/p>\n\t\t\t\t\t<a href=\"https:\/\/web.archive.org\/web\/20180829163750\/http:\/\/www.liatazoulay.com\/ateliers\/\" class=\"service-more open-modal\">En savoir plus &gt;<\/a><\/li>\n \t<li>\n<h3 class=\"service-title\">SUPERVISION<\/h3>\n<p class=\"service-description\">Rencontres structur\u00e9es visant \u00e0 favoriser chez l\u2019intervenant l\u2019enrichissement de ses aptitudes \u00e0 aider.<\/p>\n\t\t\t\t\t<a href=\"https:\/\/web.archive.org\/web\/20180829163750\/http:\/\/www.liatazoulay.com\/supervision\/\" class=\"service-more open-modal\">En savoir plus &gt;<\/a><\/li>\n \t<li>\n<h3 class=\"service-title\">SOUTIEN PONCTUEL<\/h3>\n<p class=\"service-description\">Rencontres ponctuelles offertes en cas de difficult\u00e9s impr\u00e9vues.<\/p>\n\t\t\t\t\t<a href=\"https:\/\/web.archive.org\/web\/20180829163750\/http:\/\/www.liatazoulay.com\/soutien-ponctuel\/\" class=\"service-more open-modal\">En savoir plus &gt;<\/a><\/li>\n \t<li>\n<h3 class=\"service-title\">R\u00c9F\u00c9RENCE<\/h3>\n<p class=\"service-description\">Clarification sommaire des difficult\u00e9s et des besoins de la personne afin de l\u2019accompagner vers la ressource appropri\u00e9e.<\/p>\n\t\t\t\t\t<a href=\"https:\/\/web.archive.org\/web\/20180829163750\/http:\/\/www.liatazoulay.com\/reference\/\" class=\"service-more open-modal\">En savoir plus &gt;<\/a><\/li>\n<\/ul>\n<\/div>\n<div class=\"deontology\"><span class=\"blue\">*<\/span> <a href=\"https:\/\/web.archive.org\/web\/20180829163750\/http:\/\/www.liatazoulay.com\/protection-du-client-et-cadre-deontologique\/\" class=\"open-modal modal-small\">Protection du client et cadre d\u00e9ontologique<\/a><\/div>\n<\/div>\n<div class=\"section go-contact\">\n<div class=\"go-contact-content\">\n\t\t\t<span class=\"icon-mail\"><\/span>\n<span class=\"go-contact-text\">WOULD YOU LIKE TO TALK?<\/span>\n<a class=\"button\" href=\"#contact\">Contact me<\/a><\/div>\n<\/div>\n<div class=\"section about\" id=\"about\">\n<div class=\"wrapper\">\n<h2 class=\"section-title\">My Professional Background<\/h2>\n<div class=\"about-content\">\n<div class=\"about-illustration left\">\n\t\t\t\t\t<img decoding=\"async\" src=\"https:\/\/web.archive.org\/web\/20180829163750im_\/http:\/\/www.liatazoulay.com\/wp-content\/uploads\/2016\/09\/logo-clsc-cree.jpg\" alt=\"logo-clsc-cree\"><\/div>\n<div class=\"about-text\">I currently work as a social worker and psychotherapist in private practice in Montr\u00e9al. I also work as a consultant providing psychotherapy services to the Cree community in Northern Qu\u00e9bec. I offer empowerment workshops for women. I worked as a social worker and psychotherapist on a mental health and addiction multidisciplinary team in a CLSC for ten years. I previously worked in a crisis centre as well as in a care home for individuals with HIV\/Aids.<\/div>\n<\/div>\n<div class=\"about-content\">\n<div class=\"about-illustration right\">\n\t\t\t\t\t<img decoding=\"async\" src=\"https:\/\/web.archive.org\/web\/20180829163750im_\/http:\/\/www.liatazoulay.com\/wp-content\/uploads\/2016\/09\/logo-boxer.jpg\" alt=\"logo-boxer\"><\/div>\n<div class=\"about-text\">I have combined these work experiences with years of training and competition in martial arts, a field in which I am also an instructor. Although the connection between these two areas is not always clear, my experience has allowed me to discover that there is a very deep connection between the two. All this has inspired me to develop an integrative perspective. My practice is based on the conviction that well-being involves the individual as a whole, in the individual\u2019s physical, psychological, emotional, relational and spiritual dimensions.<\/div>\n<\/div>\n<div class=\"about-content\">\n<div class=\"about-illustration left\">\n\t\t\t\t\t<img decoding=\"async\" src=\"https:\/\/web.archive.org\/web\/20180829163750im_\/http:\/\/www.liatazoulay.com\/wp-content\/uploads\/2016\/09\/logo-mcgill.jpg\" alt=\"logo-mcgill\"><\/div>\n<div class=\"about-text\">I have a bachelor\u2019s degree and a master\u2019s degree in social work from McGill University. My thesis focused on empowerment, in conjunction with the body-oriented experience. I am a member of the <em>Ordre des travailleurs sociaux et des th\u00e9rapeutes conjugaux et familiaux du Qu\u00e9bec<\/em>. I have a psychotherapist\u2019s licence from the <em>Ordre des psychologues du Qu\u00e9bec<\/em>.<\/div>\n<\/div>\n<\/div>\n<\/div>\n<div class=\"section approach\" id=\"approach\">\n<div class=\"wrapper\">\n<h2 class=\"section-title\">My Approach<\/h2>\n<div class=\"approach-logo\"><\/div>\n<div class=\"approach-text\">\n\nI have developed an integrative, holistic attitude. I use <a href=\"https:\/\/web.archive.org\/web\/20180829163750\/https:\/\/www3.ordrepsy.qc.ca\/fr\/public\/la-psychotherapie\/orientations-theoriques.sn\" target=\"_blank\">systemic-interactional<\/a> and <a href=\"https:\/\/web.archive.org\/web\/20180829163750\/https:\/\/www3.ordrepsy.qc.ca\/fr\/public\/la-psychotherapie\/orientations-theoriques.sn\" target=\"_blank\">cognitive-behavioural<\/a> approaches. I also draw inspiration from the <a href=\"https:\/\/web.archive.org\/web\/20180829163750\/https:\/\/www3.ordrepsy.qc.ca\/fr\/public\/la-psychotherapie\/orientations-theoriques.sn\" target=\"_blank\">existential-humanistic<\/a> approach. I will help you make your life projects and ambitions more satisfying by refocusing them on your strengths, your constructive resources and those in your environment.\n\nMy approach to psychotherapy is centred on the individual, their life trajectory, the needs this trajectory hoped to meet, as well as the state of the individual\u2019s personal power in the face of life\u2019s various difficulties.\n\nI can assure you that you will be greeted with a genuine and kind welcome and a respectful and considerate attitude in order to create a therapeutic alliance with you as well as a quality relationship of trust.\n\n<\/div>\n<div class=\"clear\"><\/div>\n<\/div>\n<\/div>\n<div class=\"section technics\" id=\"technics\">\n<div class=\"wrapper\">\n<h2 class=\"section-title\">My Techniques<\/h2>\n<ul class=\"technics-list\">\n \t<li>\n<div class=\"technics-icon lung\"><\/div>\n<div class=\"technics-description\">Mindfullness\n(Diaphragmatic breathing and progressive muscle relaxation)<\/div><\/li>\n \t<li>\n<div class=\"technics-icon brain\"><\/div>\n<div class=\"technics-description\">Elements of Cognitive Behavioural Therapy\n(Dialectical and schema)<\/div><\/li>\n \t<li>\n<div class=\"technics-icon speak\"><\/div>\n<div class=\"technics-description\">Empowerment techniques<\/div><\/li>\n \t<li>\n<div class=\"technics-icon think\"><\/div>\n<div class=\"technics-description\">Mentalization<\/div><\/li>\n \t<li>\n<div class=\"technics-icon heart\"><\/div>\n<div class=\"technics-description\">Existential motivational and humanistic approach<\/div><\/li>\n \t<li>\n<div class=\"technics-icon eye\"><\/div>\n<div class=\"technics-description\">EMT\n(Eye Movement Technique)<\/div><\/li>\n<\/ul>\n<\/div>\n<\/div>\n<div class=\"section testimonials\" id=\"testimonials\">\n<div class=\"wrapper\">\n<h2 class=\"section-title\">Testimonials<\/h2>\n<div class=\"testimonials-list slick-initialized slick-slider slick-dotted\" role=\"toolbar\"><button type=\"button\" data-role=\"none\" class=\"slick-prev slick-arrow\" aria-label=\"Previous\" role=\"button\" style=\"display: block;\">Previous<\/button>\n<div aria-live=\"polite\" class=\"slick-list draggable\">\n<div class=\"slick-track\" role=\"listbox\" style=\"opacity: 1; width: 8610px; transform: translate3d(-1230px, 0px, 0px);\">\n<div class=\"slick-slide slick-cloned\" data-slick-index=\"-1\" aria-hidden=\"true\" tabindex=\"-1\" style=\"width: 1230px;\">\n<div class=\"content\">\n<div class=\"testimonials-description\">From our first session I found that Liat was a very professional, attentive and competent therapist. Over time, she has proved herself to be reliable, engaged, and non-judgmental. Most importantly, she has a very human approach to mental health. She trusts my sense of reality while also challenging me. She is also very open to having dialogue around which different mental health approaches suit me best.<\/div>\n<div class=\"testimonials-by\">Femme, 29 ans \u2013 Professeur<\/div>\n<\/div>\n<\/div>\n<div class=\"slick-slide slick-current slick-active\" data-slick-index=\"0\" aria-hidden=\"false\" tabindex=\"-1\" role=\"option\" aria-describedby=\"slick-slide00\" style=\"width: 1230px;\">\n<div class=\"content\">\n<div class=\"testimonials-description\">Liat Azoulay est une ressource incontournable en sant\u00e9 mentale, et je la recommande dans l\u2019int\u00e9r\u00eat du public. Pour avoir si souvent collabor\u00e9 avec elle, je sais qu\u2019elle allie parfaitement professionnalisme et humanit\u00e9. Elle offre une solide comp\u00e9tence et a le souci constant d\u2019aider sa client\u00e8le \u00e0 d\u00e9velopper ses potentialit\u00e9s et \u00e0 s\u2019affranchir de ses difficult\u00e9s.<\/div>\n<div class=\"testimonials-by\">Ga\u00ebtan Roussy \u2013 Psychologue<\/div>\n<\/div>\n<\/div>\n<div class=\"slick-slide\" data-slick-index=\"1\" aria-hidden=\"true\" tabindex=\"-1\" role=\"option\" aria-describedby=\"slick-slide01\" style=\"width: 1230px;\">\n<div class=\"content\">\n<div class=\"testimonials-description\">J\u2019adore travailler avec Liat. C\u2019est une psychoth\u00e9rapeute tr\u00e8s humaine qui m\u2019aide \u00e0 trouver en moi les r\u00e9ponses \u00e0 mes propres questions. Elle est tr\u00e8s ouverte, sensible et sans jugement et avec elle la th\u00e9rapie ressemble bien plus \u00e0 une discussion humaine loin de ce qui est d\u00e9peint dans les films hollywoodiens. Ce que j\u2019appr\u00e9cie de ma th\u00e9rapie avec Liat c\u2019est qu\u2019on est plus dans la \u00ab relation d\u2019\u00eatre \u00bb que dans la \u00ab relation d\u2019aide \u00bb. C\u2019est-\u00e0-dire que l\u2019on sent vraiment que Liat a une approche personnalis\u00e9e et naturelle envers sa client\u00e8le. Elle a su me faire sentir \u00e0 l\u2019aise d\u00e8s la premi\u00e8re session et avec elle je trouve des outils pour me sentir plus calme et sereine dans la temp\u00eate. Elle est \u00e0 l\u2019\u00e9coute et ses interventions sont justes. Je suis contente d\u2019avoir acc\u00e8s \u00e0 Liat, c\u2019est un atout majeur dans ma vie et mes sessions m\u2019aident \u00e0 retrouver mon \u00e9quilibre.<\/div>\n<div class=\"testimonials-by\">Femme, 33 ans \u2013 Communication et marketing<\/div>\n<\/div>\n<\/div>\n<div class=\"slick-slide\" data-slick-index=\"2\" aria-hidden=\"true\" tabindex=\"-1\" role=\"option\" aria-describedby=\"slick-slide02\" style=\"width: 1230px;\">\n<div class=\"content\">\n<div class=\"testimonials-description\">Liat Azoulay est une psychoth\u00e9rapeute qui a d\u00e9velopp\u00e9 des expertises dans diff\u00e9rentes approches th\u00e9rapeutiques. Elle peut adapter ses connaissances, selon le type de probl\u00e8me et selon la client\u00e8le.<\/div>\n<div class=\"testimonials-by\">Gilberte Lamoureux \u2013 Inf. clinicienne, sant\u00e9 mentale<\/div>\n<\/div>\n<\/div>\n<div class=\"slick-slide\" data-slick-index=\"3\" aria-hidden=\"true\" tabindex=\"-1\" role=\"option\" aria-describedby=\"slick-slide03\" style=\"width: 1230px;\">\n<div class=\"content\">\n<div class=\"testimonials-description\">Liat surprend, pers\u00e9v\u00e8re et suscite le d\u00e9bat d\u2019id\u00e9es. La monotonie n\u2019est pas sa tasse de th\u00e9. Elle aime et recherche des nouveaux d\u00e9fis dans le but de s\u2019ouvrir \u00e0 de nouvelles connaissances et pratiques. Elle sait accueillir la personne nonobstant la complexit\u00e9. Je ne peux terminer sans nommer ses habilet\u00e9s face au multiculturalisme.<\/div>\n<div class=\"testimonials-by\">Maryl\u00e8ne Fortin \u2013 Infirmi\u00e8re clinicienne.<\/div>\n<\/div>\n<\/div>\n<div class=\"slick-slide\" data-slick-index=\"4\" aria-hidden=\"true\" tabindex=\"-1\" role=\"option\" aria-describedby=\"slick-slide04\" style=\"width: 1230px;\">\n<div class=\"content\">\n<div class=\"testimonials-description\">From our first session I found that Liat was a very professional, attentive and competent therapist. Over time, she has proved herself to be reliable, engaged, and non-judgmental. Most importantly, she has a very human approach to mental health. She trusts my sense of reality while also challenging me. She is also very open to having dialogue around which different mental health approaches suit me best.<\/div>\n<div class=\"testimonials-by\">Femme, 29 ans \u2013 Professeur<\/div>\n<\/div>\n<\/div>\n<div class=\"slick-slide slick-cloned\" data-slick-index=\"5\" aria-hidden=\"true\" tabindex=\"-1\" style=\"width: 1230px;\">\n<div class=\"content\">\n<div class=\"testimonials-description\">Liat Azoulay est une ressource incontournable en sant\u00e9 mentale, et je la recommande dans l\u2019int\u00e9r\u00eat du public. Pour avoir si souvent collabor\u00e9 avec elle, je sais qu\u2019elle allie parfaitement professionnalisme et humanit\u00e9. Elle offre une solide comp\u00e9tence et a le souci constant d\u2019aider sa client\u00e8le \u00e0 d\u00e9velopper ses potentialit\u00e9s et \u00e0 s\u2019affranchir de ses difficult\u00e9s.<\/div>\n<div class=\"testimonials-by\">Ga\u00ebtan Roussy \u2013 Psychologue<\/div>\n<\/div>\n<\/div>\n<\/div>\n<\/div>\n<button type=\"button\" data-role=\"none\" class=\"slick-next slick-arrow\" aria-label=\"Next\" role=\"button\" style=\"display: block;\">Next<\/button>\n<ul class=\"slick-dots\" style=\"display: block;\" role=\"tablist\">\n \t<li class=\"slick-active\" aria-hidden=\"false\" role=\"presentation\" aria-selected=\"true\" aria-controls=\"navigation00\" id=\"slick-slide00\"><button type=\"button\" data-role=\"none\" role=\"button\" tabindex=\"0\">1<\/button><\/li>\n \t<li aria-hidden=\"true\" role=\"presentation\" aria-selected=\"false\" aria-controls=\"navigation01\" id=\"slick-slide01\" class=\"\"><button type=\"button\" data-role=\"none\" role=\"button\" tabindex=\"0\">2<\/button><\/li>\n \t<li aria-hidden=\"true\" role=\"presentation\" aria-selected=\"false\" aria-controls=\"navigation02\" id=\"slick-slide02\" class=\"\"><button type=\"button\" data-role=\"none\" role=\"button\" tabindex=\"0\">3<\/button><\/li>\n \t<li aria-hidden=\"true\" role=\"presentation\" aria-selected=\"false\" aria-controls=\"navigation03\" id=\"slick-slide03\"><button type=\"button\" data-role=\"none\" role=\"button\" tabindex=\"0\">4<\/button><\/li>\n \t<li aria-hidden=\"true\" role=\"presentation\" aria-selected=\"false\" aria-controls=\"navigation04\" id=\"slick-slide04\"><button type=\"button\" data-role=\"none\" role=\"button\" tabindex=\"0\">5<\/button><\/li>\n<\/ul>\n<\/div>\n<\/div>\n<\/div>\n<div class=\"section contact\" id=\"contact\">\n<div class=\"wrapper\">\n<h2 class=\"section-title\">Contact<\/h2>\n<div class=\"contact-join\">\n\t\t\t\t<span>Tel. : (514) 804-9295<\/span>\n<span>Email: <a href=\"https:\/\/web.archive.org\/web\/20180829163750\/mailto:contact@liatazoulay.com\">contact<img decoding=\"async\" src=\"https:\/\/web.archive.org\/web\/20180829163750im_\/http:\/\/www.liatazoulay.com\/wp-content\/themes\/liat\/images\/at.png\" alt=\"@\">liatazoulay.com<\/a><\/span><\/div>\n<div class=\"contact-addresses\">\n<div class=\"left\">\n\t\t\t\t\t<span class=\"bold\">Office Plateau<\/span>\n<span>1150, boul. Saint-Joseph Est, office 202<\/span>\n<span>Montr\u00e9al (QC) H2J 1L5<\/span>\n<span>(M\u00e9tro Laurier, sortie Saint-Joseph)<\/span><\/div>\n<div class=\"right\">\n\t\t\t\t\t<span class=\"bold\">Office South-West<\/span>\n<span>2100 Marlowe, office 339<\/span>\n<span>Montr\u00e9al (QC) H4A 3L5<\/span>\n<span>(Metro Vend\u00f4me)<\/span><\/div>\n<\/div>\n<\/div>\n<\/div>\n<div class=\"section map\" id=\"map\" style=\"position: relative; overflow: hidden;\">\n<div style=\"height: 100%; width: 100%; position: absolute; top: 0px; left: 0px; background-color: rgb(229, 227, 223);\">\n<div class=\"gm-err-container\">\n<div class=\"gm-err-content\">\n<div class=\"gm-err-icon\"><img decoding=\"async\" src=\"https:\/\/web.archive.org\/web\/20180831042329\/https:\/\/maps.gstatic.com\/mapfiles\/api-3\/images\/icon_error.png\" draggable=\"false\" style=\"user-select: none;\"><\/div>\n<div class=\"gm-err-title\">Oops! Something went wrong.<\/div>\n<div class=\"gm-err-message\">This page didn&#8217;t load Google Maps correctly. See the JavaScript console for technical details.<\/div>\n<\/div>\n<\/div>\n<\/div>\n<\/div>\n<\/div>","protected":false},"excerpt":{"rendered":"<p>\u00ab Putting the human person first \u00bb Services Psychoth\u00e9rapie Traitement visant \u00e0 r\u00e9soudre des difficult\u00e9s psychologiques afin de favoriser l\u2019\u00e9panouissement de la personne. En savoir plus &gt; \u00c9VALUATION ET SUIVI Intervention visant \u00e0 mieux cerner et traiter une difficult\u00e9 particuli\u00e8re ou \u00e0 faire le point sur la situation d\u2019ensemble. En savoir plus &gt; ATELIERS Activit\u00e9s [&hellip;]<\/p>\n","protected":false},"author":1,"featured_media":0,"parent":0,"menu_order":0,"comment_status":"closed","ping_status":"closed","template":"","meta":{"footnotes":""},"_links":{"self":[{"href":"https:\/\/www.liatazoulay.com\/en\/wp-json\/wp\/v2\/pages\/1593"}],"collection":[{"href":"https:\/\/www.liatazoulay.com\/en\/wp-json\/wp\/v2\/pages"}],"about":[{"href":"https:\/\/www.liatazoulay.com\/en\/wp-json\/wp\/v2\/types\/page"}],"author":[{"embeddable":true,"href":"https:\/\/www.liatazoulay.com\/en\/wp-json\/wp\/v2\/users\/1"}],"replies":[{"embeddable":true,"href":"https:\/\/www.liatazoulay.com\/en\/wp-json\/wp\/v2\/comments?post=1593"}],"version-history":[{"count":1,"href":"https:\/\/www.liatazoulay.com\/en\/wp-json\/wp\/v2\/pages\/1593\/revisions"}],"predecessor-version":[{"id":1594,"href":"https:\/\/www.liatazoulay.com\/en\/wp-json\/wp\/v2\/pages\/1593\/revisions\/1594"}],"wp:attachment":[{"href":"https:\/\/www.liatazoulay.com\/en\/wp-json\/wp\/v2\/media?parent=1593"}],"curies":[{"name":"wp","href":"https:\/\/api.w.org\/{rel}","templated":true}]}}